{"id":47,"date":"2017-06-05T10:42:32","date_gmt":"2017-06-05T10:42:32","guid":{"rendered":"http:\/\/wushu-riesa.de\/wordpress\/?page_id=47"},"modified":"2025-03-22T07:54:11","modified_gmt":"2025-03-22T07:54:11","slug":"startseite","status":"publish","type":"page","link":"http:\/\/wushu-riesa.de\/wordpress\/","title":{"rendered":"Willkommen\u00a0beim Wushu Riesa e.V."},"content":{"rendered":"<p style=\"text-align: center;\"><img decoding=\"async\" id=\"imagePath\" class=\"aligncenter\" src=\"https:\/\/chayns.tobit.com\/Images\/Locations\/5828\/WebShadow\/WelcomeImage.jpg\" \/><br \/>Was hei\u00dft hier eigentlich Wushu?<\/p>\n<p style=\"text-align: center;\">\u6b66\u8853 \/ \u6b66\u672f ( Wushu ) ist ein Sammelbegriff f\u00fcr alle chinesischen Kampfk\u00fcnste.<\/p>\n<p style=\"text-align: center;\">Im Westen wird h\u00e4ufig der Begriff Kung Fu chin. \u201e\u529f\u592b, G\u00f3ngfu\u201c<br \/>(etwas durch geduldige \/ harte Arbeit Erreichtes) verwendet<\/p>\n<p style=\"text-align: center;\">Zum Wushu geh\u00f6ren auch TCM (Traditionelle Chinesische Medizin), TaiChi oder Taiji, Qigong,Sanshou (freier Kampf), chinesische Traditionen wie L\u00f6wen- und Drachentanz.<\/p>\n<p style=\"text-align: center;\">Kung Fu gilt als die Mutter aller Kampfk\u00fcnste, st\u00e4rkt den K\u00f6rper und den Geist und vermittelt Grundlegende Werte der chinesischen Kultur wie Harmonie, Respekt und Durchhalteverm\u00f6gen.<\/p>\n<p style=\"text-align: center;\">Wushu stellt eine der \u00e4ltesten chinesischen Kulturformen dar und ist viel mehr als eine K\u00f6rperert\u00fcchtigung und Kampfkunst.<\/p>\n<p style=\"text-align: center;\">Es ist ein au\u00dfergew\u00f6hnliches Erbe des chinesischen Volkes und beinhaltet wesentlich mehr als nur Kampf oder Selbstverteidigung, auch Akrobatik, anspruchsvolle Choreographien und fern\u00f6stliche Philosophie sind Elemente des Kung Fu.<\/p>\n<p style=\"text-align: center;\">Kung Fu ist eine Lebenseinstellung und f\u00f6rdert die Harmonie zwischen K\u00f6rper, Geist und Seele.<\/p>\n<p style=\"text-align: center;\">Kung Fu st\u00e4rkt deine Willenskraft und festigt deinen Charakter.<\/p>\n<p>\u00a0<\/p>\n<p style=\"text-align: center;\">Folge uns auf den sozialen Netzwerken:<\/p>\n\n\n<p class=\"has-text-align-center\"><a href=\"https:\/\/www.instagram.com\/wush.riesa\/\" target=\"_blank\" rel=\"noopener\"> <\/a><a href=\"https:\/\/www.instagram.com\/wushu.riesa\/\"><img decoding=\"async\" width=\"50\" src=\"https:\/\/upload.wikimedia.org\/wikipedia\/commons\/a\/a5\/Instagram_icon.png\" alt=\"Instagram\"><\/a><a href=\"https:\/\/www.instagram.com\/wush.riesa\/\" target=\"_blank\" rel=\"noopener\"> <\/a><\/p>\n","protected":false},"excerpt":{"rendered":"<p>Was hei\u00dft hier eigentlich Wushu? \u6b66\u8853 \/ \u6b66\u672f ( Wushu ) ist ein Sammelbegriff f\u00fcr alle chinesischen Kampfk\u00fcnste. Im Westen wird h\u00e4ufig der Begriff Kung Fu chin. \u201e\u529f\u592b, G\u00f3ngfu\u201c(etwas durch geduldige \/ harte Arbeit Erreichtes) verwendet Zum Wushu geh\u00f6ren auch TCM (Traditionelle Chinesische Medizin), TaiChi oder Taiji, Qigong,Sanshou (freier Kampf), chinesische Traditionen wie L\u00f6wen- und &hellip; <\/p>\n<p class=\"link-more\"><a href=\"http:\/\/wushu-riesa.de\/wordpress\/\" class=\"more-link\"><span class=\"screen-reader-text\">\u201eWillkommen\u00a0beim Wushu Riesa e.V.\u201c<\/span> weiterlesen<\/a><\/p>\n","protected":false},"author":1,"featured_media":0,"parent":0,"menu_order":0,"comment_status":"closed","ping_status":"closed","template":"","meta":{"footnotes":""},"class_list":["post-47","page","type-page","status-publish","hentry"],"_links":{"self":[{"href":"http:\/\/wushu-riesa.de\/wordpress\/index.php?rest_route=\/wp\/v2\/pages\/47","targetHints":{"allow":["GET"]}}],"collection":[{"href":"http:\/\/wushu-riesa.de\/wordpress\/index.php?rest_route=\/wp\/v2\/pages"}],"about":[{"href":"http:\/\/wushu-riesa.de\/wordpress\/index.php?rest_route=\/wp\/v2\/types\/page"}],"author":[{"embeddable":true,"href":"http:\/\/wushu-riesa.de\/wordpress\/index.php?rest_route=\/wp\/v2\/users\/1"}],"replies":[{"embeddable":true,"href":"http:\/\/wushu-riesa.de\/wordpress\/index.php?rest_route=%2Fwp%2Fv2%2Fcomments&post=47"}],"version-history":[{"count":6,"href":"http:\/\/wushu-riesa.de\/wordpress\/index.php?rest_route=\/wp\/v2\/pages\/47\/revisions"}],"predecessor-version":[{"id":530,"href":"http:\/\/wushu-riesa.de\/wordpress\/index.php?rest_route=\/wp\/v2\/pages\/47\/revisions\/530"}],"wp:attachment":[{"href":"http:\/\/wushu-riesa.de\/wordpress\/index.php?rest_route=%2Fwp%2Fv2%2Fmedia&parent=47"}],"curies":[{"name":"wp","href":"https:\/\/api.w.org\/{rel}","templated":true}]}}